{"id":10799,"date":"2026-03-03T23:40:52","date_gmt":"2026-03-03T23:40:52","guid":{"rendered":"https:\/\/isupagro.web.uma.pt\/?page_id=10799"},"modified":"2026-03-06T01:30:54","modified_gmt":"2026-03-06T01:30:54","slug":"simposio-2027","status":"publish","type":"page","link":"https:\/\/isupagro.web.uma.pt\/pt\/simposio-2027\/","title":{"rendered":"Simp\u00f3sio 2027"},"content":{"rendered":"\t\t<div data-elementor-type=\"wp-page\" data-elementor-id=\"10799\" class=\"elementor elementor-10799\">\n\t\t\t\t\t\t<section class=\"elementor-section elementor-top-section elementor-element elementor-element-937dcdf elementor-section-full_width elementor-section-height-min-height elementor-section-height-default elementor-section-items-middle\" data-id=\"937dcdf\" data-element_type=\"section\" data-e-type=\"section\" data-settings=\"{&quot;background_background&quot;:&quot;classic&quot;}\">\n\t\t\t\t\t\t<div class=\"elementor-container elementor-column-gap-default\">\n\t\t\t\t\t<div class=\"elementor-column elementor-col-100 elementor-top-column elementor-element elementor-element-bf1f5ee\" data-id=\"bf1f5ee\" data-element_type=\"column\" data-e-type=\"column\">\n\t\t\t<div class=\"elementor-widget-wrap elementor-element-populated\">\n\t\t\t\t\t\t<div class=\"elementor-element elementor-element-2869640 char elementor-widget elementor-widget-section-title\" data-id=\"2869640\" data-element_type=\"widget\" data-e-type=\"widget\" data-widget_type=\"section-title.default\">\n\t\t\t\t<div class=\"elementor-widget-container\">\n\t\t\t\t\t\r\n\t\t\t\t\t<div class=\"section-title style2\">\r\n\t\t\t\t<div class=\"section-title t_center\">\r\n\t\t\t\t\t \r\n\t\t\t\t\t\t<h5 class=\"subtitle\"><\/h5>\r\n\t\t\t\t\t\r\n\t\t\t\t\t \r\n\t\t\t\t\t\t<h3 class=\"title\">Brevemente<\/h3>\r\n\t\t\t\t\t\r\n\t\t\t\t\t\t\t\t\t<\/div>\r\n\t\t\t<\/div>\r\n\r\n\t\t\r\n\t\t\t\t\t\t<\/div>\n\t\t\t\t<\/div>\n\t\t\t\t<div class=\"elementor-element elementor-element-6cadcfc char elementor-widget elementor-widget-section-title\" data-id=\"6cadcfc\" data-element_type=\"widget\" data-e-type=\"widget\" data-widget_type=\"section-title.default\">\n\t\t\t\t<div class=\"elementor-widget-container\">\n\t\t\t\t\t\r\n\t\t\t\t\t<div class=\"section-title style2\">\r\n\t\t\t\t<div class=\"section-title t_center\">\r\n\t\t\t\t\t \r\n\t\t\t\t\t\t<h5 class=\"subtitle\"><\/h5>\r\n\t\t\t\t\t\r\n\t\t\t\t\t \r\n\t\t\t\t\t\t<h3 class=\"title\">Data a anunciar. <br>Mais informa\u00e7\u00f5es em breve.<\/h3>\r\n\t\t\t\t\t\r\n\t\t\t\t\t\t\t\t\t<\/div>\r\n\t\t\t<\/div>\r\n\r\n\t\t\r\n\t\t\t\t\t\t<\/div>\n\t\t\t\t<\/div>\n\t\t\t\t\t<\/div>\n\t\t<\/div>\n\t\t\t\t\t<\/div>\n\t\t<\/section>\n\t\t\t\t<\/div>\n\t\t","protected":false},"excerpt":{"rendered":"<p>Brevemente Data a anunciar. Mais informa\u00e7\u00f5es em breve.<\/p>\n","protected":false},"author":2,"featured_media":0,"parent":0,"menu_order":0,"comment_status":"closed","ping_status":"closed","template":"page-templates\/template-default.php","meta":{"footnotes":""},"class_list":["post-10799","page","type-page","status-publish","hentry"],"yoast_head":"<!-- This site is optimized with the Yoast SEO plugin v27.2 - https:\/\/yoast.com\/product\/yoast-seo-wordpress\/ -->\n<title>Simp\u00f3sio 2027 - isUP_Agro<\/title>\n<meta name=\"robots\" content=\"index, follow, max-snippet:-1, max-image-preview:large, max-video-preview:-1\" \/>\n<link rel=\"canonical\" href=\"https:\/\/isupagro.web.uma.pt\/pt\/simposio-2027\/\" \/>\n<meta property=\"og:locale\" content=\"pt_PT\" \/>\n<meta property=\"og:type\" content=\"article\" \/>\n<meta property=\"og:title\" content=\"Simp\u00f3sio 2027 - isUP_Agro\" \/>\n<meta property=\"og:description\" content=\"Brevemente Data a anunciar. Mais informa\u00e7\u00f5es em breve.\" \/>\n<meta property=\"og:url\" content=\"https:\/\/isupagro.web.uma.pt\/pt\/simposio-2027\/\" \/>\n<meta property=\"og:site_name\" content=\"isUP_Agro\" \/>\n<meta property=\"article:modified_time\" content=\"2026-03-06T01:30:54+00:00\" \/>\n<meta name=\"twitter:card\" content=\"summary_large_image\" \/>\n<meta name=\"twitter:label1\" content=\"Tempo estimado de leitura\" \/>\n\t<meta name=\"twitter:data1\" content=\"1 minuto\" \/>\n<script type=\"application\/ld+json\" class=\"yoast-schema-graph\">{\"@context\":\"https:\/\/schema.org\",\"@graph\":[{\"@type\":\"WebPage\",\"@id\":\"https:\/\/isupagro.web.uma.pt\/pt\/simposio-2027\/\",\"url\":\"https:\/\/isupagro.web.uma.pt\/pt\/simposio-2027\/\",\"name\":\"Simp\u00f3sio 2027 - isUP_Agro\",\"isPartOf\":{\"@id\":\"https:\/\/isupagro.web.uma.pt\/pt\/#website\"},\"datePublished\":\"2026-03-03T23:40:52+00:00\",\"dateModified\":\"2026-03-06T01:30:54+00:00\",\"breadcrumb\":{\"@id\":\"https:\/\/isupagro.web.uma.pt\/pt\/simposio-2027\/#breadcrumb\"},\"inLanguage\":\"pt-PT\",\"potentialAction\":[{\"@type\":\"ReadAction\",\"target\":[\"https:\/\/isupagro.web.uma.pt\/pt\/simposio-2027\/\"]}]},{\"@type\":\"BreadcrumbList\",\"@id\":\"https:\/\/isupagro.web.uma.pt\/pt\/simposio-2027\/#breadcrumb\",\"itemListElement\":[{\"@type\":\"ListItem\",\"position\":1,\"name\":\"In\u00edcio\",\"item\":\"https:\/\/isupagro.web.uma.pt\/\"},{\"@type\":\"ListItem\",\"position\":2,\"name\":\"Simp\u00f3sio 2027\"}]},{\"@type\":\"WebSite\",\"@id\":\"https:\/\/isupagro.web.uma.pt\/pt\/#website\",\"url\":\"https:\/\/isupagro.web.uma.pt\/pt\/\",\"name\":\"isUP_Agro\",\"description\":\"\",\"publisher\":{\"@id\":\"https:\/\/isupagro.web.uma.pt\/pt\/#organization\"},\"potentialAction\":[{\"@type\":\"SearchAction\",\"target\":{\"@type\":\"EntryPoint\",\"urlTemplate\":\"https:\/\/isupagro.web.uma.pt\/pt\/?s={search_term_string}\"},\"query-input\":{\"@type\":\"PropertyValueSpecification\",\"valueRequired\":true,\"valueName\":\"search_term_string\"}}],\"inLanguage\":\"pt-PT\"},{\"@type\":\"Organization\",\"@id\":\"https:\/\/isupagro.web.uma.pt\/pt\/#organization\",\"name\":\"isUP_Agro\",\"url\":\"https:\/\/isupagro.web.uma.pt\/pt\/\",\"logo\":{\"@type\":\"ImageObject\",\"inLanguage\":\"pt-PT\",\"@id\":\"https:\/\/isupagro.web.uma.pt\/pt\/#\/schema\/logo\/image\/\",\"url\":\"https:\/\/isupagro.web.uma.pt\/wp-content\/uploads\/2024\/10\/cropped-isUP-AgrO-v1.png\",\"contentUrl\":\"https:\/\/isupagro.web.uma.pt\/wp-content\/uploads\/2024\/10\/cropped-isUP-AgrO-v1.png\",\"width\":1000,\"height\":249,\"caption\":\"isUP_Agro\"},\"image\":{\"@id\":\"https:\/\/isupagro.web.uma.pt\/pt\/#\/schema\/logo\/image\/\"},\"sameAs\":[\"https:\/\/pt.linkedin.com\/showcase\/isup-agro\/\"]}]}<\/script>\n<!-- \/ Yoast SEO plugin. -->","yoast_head_json":{"title":"Simp\u00f3sio 2027 - isUP_Agro","robots":{"index":"index","follow":"follow","max-snippet":"max-snippet:-1","max-image-preview":"max-image-preview:large","max-video-preview":"max-video-preview:-1"},"canonical":"https:\/\/isupagro.web.uma.pt\/pt\/simposio-2027\/","og_locale":"pt_PT","og_type":"article","og_title":"Simp\u00f3sio 2027 - isUP_Agro","og_description":"Brevemente Data a anunciar. Mais informa\u00e7\u00f5es em breve.","og_url":"https:\/\/isupagro.web.uma.pt\/pt\/simposio-2027\/","og_site_name":"isUP_Agro","article_modified_time":"2026-03-06T01:30:54+00:00","twitter_card":"summary_large_image","twitter_misc":{"Tempo estimado de leitura":"1 minuto"},"schema":{"@context":"https:\/\/schema.org","@graph":[{"@type":"WebPage","@id":"https:\/\/isupagro.web.uma.pt\/pt\/simposio-2027\/","url":"https:\/\/isupagro.web.uma.pt\/pt\/simposio-2027\/","name":"Simp\u00f3sio 2027 - isUP_Agro","isPartOf":{"@id":"https:\/\/isupagro.web.uma.pt\/pt\/#website"},"datePublished":"2026-03-03T23:40:52+00:00","dateModified":"2026-03-06T01:30:54+00:00","breadcrumb":{"@id":"https:\/\/isupagro.web.uma.pt\/pt\/simposio-2027\/#breadcrumb"},"inLanguage":"pt-PT","potentialAction":[{"@type":"ReadAction","target":["https:\/\/isupagro.web.uma.pt\/pt\/simposio-2027\/"]}]},{"@type":"BreadcrumbList","@id":"https:\/\/isupagro.web.uma.pt\/pt\/simposio-2027\/#breadcrumb","itemListElement":[{"@type":"ListItem","position":1,"name":"In\u00edcio","item":"https:\/\/isupagro.web.uma.pt\/"},{"@type":"ListItem","position":2,"name":"Simp\u00f3sio 2027"}]},{"@type":"WebSite","@id":"https:\/\/isupagro.web.uma.pt\/pt\/#website","url":"https:\/\/isupagro.web.uma.pt\/pt\/","name":"isUP_Agro","description":"","publisher":{"@id":"https:\/\/isupagro.web.uma.pt\/pt\/#organization"},"potentialAction":[{"@type":"SearchAction","target":{"@type":"EntryPoint","urlTemplate":"https:\/\/isupagro.web.uma.pt\/pt\/?s={search_term_string}"},"query-input":{"@type":"PropertyValueSpecification","valueRequired":true,"valueName":"search_term_string"}}],"inLanguage":"pt-PT"},{"@type":"Organization","@id":"https:\/\/isupagro.web.uma.pt\/pt\/#organization","name":"isUP_Agro","url":"https:\/\/isupagro.web.uma.pt\/pt\/","logo":{"@type":"ImageObject","inLanguage":"pt-PT","@id":"https:\/\/isupagro.web.uma.pt\/pt\/#\/schema\/logo\/image\/","url":"https:\/\/isupagro.web.uma.pt\/wp-content\/uploads\/2024\/10\/cropped-isUP-AgrO-v1.png","contentUrl":"https:\/\/isupagro.web.uma.pt\/wp-content\/uploads\/2024\/10\/cropped-isUP-AgrO-v1.png","width":1000,"height":249,"caption":"isUP_Agro"},"image":{"@id":"https:\/\/isupagro.web.uma.pt\/pt\/#\/schema\/logo\/image\/"},"sameAs":["https:\/\/pt.linkedin.com\/showcase\/isup-agro\/"]}]}},"_links":{"self":[{"href":"https:\/\/isupagro.web.uma.pt\/pt\/wp-json\/wp\/v2\/pages\/10799","targetHints":{"allow":["GET"]}}],"collection":[{"href":"https:\/\/isupagro.web.uma.pt\/pt\/wp-json\/wp\/v2\/pages"}],"about":[{"href":"https:\/\/isupagro.web.uma.pt\/pt\/wp-json\/wp\/v2\/types\/page"}],"author":[{"embeddable":true,"href":"https:\/\/isupagro.web.uma.pt\/pt\/wp-json\/wp\/v2\/users\/2"}],"replies":[{"embeddable":true,"href":"https:\/\/isupagro.web.uma.pt\/pt\/wp-json\/wp\/v2\/comments?post=10799"}],"version-history":[{"count":7,"href":"https:\/\/isupagro.web.uma.pt\/pt\/wp-json\/wp\/v2\/pages\/10799\/revisions"}],"predecessor-version":[{"id":10834,"href":"https:\/\/isupagro.web.uma.pt\/pt\/wp-json\/wp\/v2\/pages\/10799\/revisions\/10834"}],"wp:attachment":[{"href":"https:\/\/isupagro.web.uma.pt\/pt\/wp-json\/wp\/v2\/media?parent=10799"}],"curies":[{"name":"wp","href":"https:\/\/api.w.org\/{rel}","templated":true}]}}